{"id":36,"date":"2024-01-20T00:06:41","date_gmt":"2024-01-19T23:06:41","guid":{"rendered":"http:\/\/mxajfmgl.preview.infomaniak.website\/?page_id=36"},"modified":"2026-02-12T03:19:14","modified_gmt":"2026-02-12T02:19:14","slug":"background","status":"publish","type":"page","link":"https:\/\/evol-love.com\/en\/background\/","title":{"rendered":"Histoire de Femme"},"content":{"rendered":"<p>[et_pb_section fb_built=\u00a0\u00bb1&Prime; _builder_version=\u00a0\u00bb4.27.4&Prime; _module_preset=\u00a0\u00bbdefault\u00a0\u00bb custom_padding=\u00a0\u00bb14px|||||\u00a0\u00bb global_colors_info=\u00a0\u00bb{}\u00a0\u00bb][et_pb_row _builder_version=\u00a0\u00bb4.27.4&Prime; _module_preset=\u00a0\u00bbdefault\u00a0\u00bb global_colors_info=\u00a0\u00bb{}\u00a0\u00bb][et_pb_column type=\u00a0\u00bb4_4&Prime; _builder_version=\u00a0\u00bb4.27.4&Prime; _module_preset=\u00a0\u00bbdefault\u00a0\u00bb global_colors_info=\u00a0\u00bb{}\u00a0\u00bb][et_pb_image src=\u00a0\u00bbhttps:\/\/evol-love.com\/wp-content\/uploads\/2025\/02\/cropped-IMG_66922.webp\u00a0\u00bb title_text=\u00a0\u00bbcropped-IMG_66922&Prime; align=\u00a0\u00bbcenter\u00a0\u00bb admin_label=\u00a0\u00bbImage\u00a0\u00bb _builder_version=\u00a0\u00bb4.27.4&Prime; _module_preset=\u00a0\u00bbdefault\u00a0\u00bb width=\u00a0\u00bb58%\u00a0\u00bb global_colors_info=\u00a0\u00bb{}\u00a0\u00bb][\/et_pb_image][et_pb_text _builder_version=\u00a0\u00bb4.27.4&Prime; _module_preset=\u00a0\u00bbdefault\u00a0\u00bb text_line_height=\u00a0\u00bb1.5em\u00a0\u00bb text_orientation=\u00a0\u00bbcenter\u00a0\u00bb min_height=\u00a0\u00bb3083px\u00a0\u00bb height=\u00a0\u00bb1000px\u00a0\u00bb max_height=\u00a0\u00bb1000px\u00a0\u00bb custom_margin=\u00a0\u00bb||-3px|||\u00a0\u00bb custom_padding=\u00a0\u00bb||152px|||\u00a0\u00bb global_colors_info=\u00a0\u00bb{}\u00a0\u00bb]<\/p>\n<h3 data-start=\"365\" data-end=\"388\"><strong>\u00c0 toi qui es l\u00e0<\/strong><\/h3>\n<p data-start=\"329\" data-end=\"409\"><strong data-start=\"329\" data-end=\"359\">Ce site parle de Relation.<\/strong><br data-start=\"359\" data-end=\"362\" \/>De Rencontre avec l\u2019Autre\u2026 et surtout avec Soi.<br \/>\u00c0 travers nos liens,<br data-start=\"431\" data-end=\"434\" \/>c\u2019est une part de nous qui s\u2019exprime \u2014<br data-start=\"472\" data-end=\"475\" \/>dans sa complexit\u00e9, sa m\u00e9moire, sa puret\u00e9.<\/p>\n<p data-start=\"519\" data-end=\"649\"><strong data-start=\"519\" data-end=\"554\">Tu es au bon endroit si tu sais<\/strong><br data-start=\"554\" data-end=\"557\" \/>que nous sommes faits de nos choix,<br data-start=\"592\" data-end=\"595\" \/>de nos \u00e9lans, de nos histoires, et de nos Relations.<\/p>\n<p data-start=\"651\" data-end=\"833\">Tu trouveras ici <strong data-start=\"668\" data-end=\"720\">mon histoire, celle d\u2019EvoL-LovE, celle d\u2019Evol-i<\/strong><br data-start=\"720\" data-end=\"723\" \/>Une histoire de transmission,<br data-start=\"752\" data-end=\"755\" \/><strong data-start=\"755\" data-end=\"795\">Une histoire de femmes qui ont tenu,<\/strong><br data-start=\"795\" data-end=\"798\" \/>Et de celles qui d\u00e9cident de vivre.<\/p>\n<p data-start=\"835\" data-end=\"929\">Oui, c\u2019est personnel.<br data-start=\"856\" data-end=\"859\" \/>Parce qu\u2019ici,<br data-start=\"872\" data-end=\"875\" \/>tout commence par une chose rare :<br data-start=\"909\" data-end=\"912\" \/><strong data-start=\"912\" data-end=\"929\">la confiance<\/strong><\/p>\n<p style=\"text-align: center;\" data-start=\"646\" data-end=\"678\"><span style=\"font-size: medium;\">.<\/span><\/p>\n<p class=\"has-text-align-center has-medium-font-size\"><strong>\u201cEvoL-LovE: d\u00e9cider de son Destin Sentimental\u201d<\/strong><\/p>\n<p data-start=\"261\" data-end=\"374\">C\u2019est un site pour <strong data-start=\"341\" data-end=\"373\">ouvrir l&rsquo;Avenir sur la Rencontre Sentimentale<\/strong><\/p>\n<p data-start=\"376\" data-end=\"589\">Tu y trouveras des articles, des r\u00e9flexions, des cl\u00e9s et des outils pour explorer les liens humains, mieux cerner les comportements, lire les signaux et les intentions, et avancer dans la qu\u00eate de la bonne rencontre.<\/p>\n<hr class=\"wp-block-separator has-alpha-channel-opacity\" \/>\n<p class=\"has-text-align-center\">\u275d Il y a des mots qui transpercent\u2026 et d\u2019autres qui expliquent.<br data-start=\"2407\" data-end=\"2410\" \/>Chez EvoL-LovE, vous trouverez les deux.<br data-start=\"2450\" data-end=\"2453\" \/>Parce qu\u2019un lien fort demande \u00e0 la fois du feu\u2026 et de la structure.\u275e<\/p>\n<hr data-start=\"2106\" data-end=\"2109\" \/>\n<h2 data-start=\"2111\" data-end=\"2131\">\u00a0<\/h2>\n<h2 data-start=\"780\" data-end=\"803\">\u00a0<\/h2>\n<h2 data-start=\"780\" data-end=\"803\"><span style=\"font-size: 26px;\">Pourquoi ce site ?<\/span><\/h2>\n<p data-start=\"804\" data-end=\"866\">Bonne question.<br data-start=\"819\" data-end=\"822\" \/>Laisse-moi te raconter l\u2019histoire de Jeanne.<\/p>\n<p data-start=\"868\" data-end=\"1178\">Elle est belle, brillante, derni\u00e8re d\u2019une grande fratrie.<br data-start=\"925\" data-end=\"928\" \/>Petite, elle est choy\u00e9e, jamais en manque. Elle aime lire, apprendre, comprendre. Elle se marie jeune.<br data-start=\"1030\" data-end=\"1033\" \/>Mais son mari est accro aux jeux, il dilapide l\u2019argent du foyer. Jeanne reste.<br data-start=\"1111\" data-end=\"1114\" \/>Il finit par partir, la laissant seule avec deux jeunes enfants.<\/p>\n<p data-start=\"1180\" data-end=\"1350\">Alors, \u00e0 50 ans, elle reprend des \u00e9tudes.<br data-start=\"1221\" data-end=\"1224\" \/>Elle d\u00e9croche brillamment son dipl\u00f4me dans une grande \u00e9cole de coiffure parisienne.<br data-start=\"1318\" data-end=\"1321\" \/><br \/>On est en 1950. Jeanne, c\u2019est mon arri\u00e8re-grand-m\u00e8re.<\/p>\n<p data-start=\"1352\" data-end=\"1556\">Jeanne est n\u00e9e en 1900. Elle a travers\u00e9 les guerres, les divorces, le poids d\u2019\u00eatre femme c\u00e9libataire dans un monde hostil. Elle a fait ce qu&rsquo;aucune Femme ne faisait \u00e0 cette \u00e9poque et ce que peu de Femmes et d&rsquo;Hommes s&rsquo;autorisent \u00e0 faire aujourd&rsquo;hui : Reprendre des \u00e9tudes \u00e0 50 ans, divorcer, partir et tout quitter, ouvrir son entreprise dans une region inconnue, voyager, &#8230;<br \/>Elle asu prendre des risques, elle a convertit chacun en succ\u00e8s, sauf \u00e0 une chose : <strong data-start=\"1544\" data-end=\"1556\">trouver un Partenaire \u00e0 son niveau<\/strong><\/p>\n<p data-start=\"1558\" data-end=\"1709\">Elle s\u2019est remari\u00e9e, redivorc\u00e9e, a v\u00e9cu trois romances chaotiques\u2026<br data-start=\"1624\" data-end=\"1627\" \/>Et une vie, au fond, tr\u00e8s solitaire.<br data-start=\"1663\" data-end=\"1666\" \/>Pas par choix, plut\u00f4t par d\u00e9faut&#8230;<\/p>\n<p data-start=\"1711\" data-end=\"1932\">Je suis n\u00e9e de cette lign\u00e9e de femmes puissantes.<br data-start=\"1760\" data-end=\"1763\" \/>Les hommes, quand ils apparaissaient, semblaient toujours trop faibles ou trop fuyants.<br data-start=\"1850\" data-end=\"1853\" \/>Jeanne aurait voulu un homme \u00e0 sa hauteur, mais elle effrayait, inconsciemment.<\/p>\n<p data-start=\"1934\" data-end=\"2104\">Et moi, j\u2019ai grandi dans cette <strong data-start=\"1965\" data-end=\"1985\">tribu d\u2019Amazones<\/strong>\u2026<br data-start=\"1986\" data-end=\"1989\" \/>Avec ces mod\u00e8les de couples d\u00e9s\u00e9quilibr\u00e9s, ces croyances sur les hommes, et j&rsquo;ai recr\u00e9e les m\u00eames infortunes.<\/p>\n<hr data-start=\"2106\" data-end=\"2109\" \/>\n<h2 data-start=\"2111\" data-end=\"2131\">Puis j\u2019ai appris.<\/h2>\n<p data-start=\"2133\" data-end=\"2307\">Je suis scientifique. J\u2019aime comprendre, mod\u00e9liser, d\u00e9coder&#8230; notamment les interactions, les \u00e9cosyst\u00e8mes, et \u00e9videmment le lien humain.<br data-start=\"2226\" data-end=\"2229\" \/>Parce qu\u2019il ob\u00e9it \u00e0 des lois subtiles qu\u2019on peut ressentir, \u00e9tudier, incarner.<\/p>\n<p data-start=\"2309\" data-end=\"2544\">J\u2019ai travaill\u00e9 en agences de s\u00e9curit\u00e9 sanitaire, en Suisse, dans le priv\u00e9.<br data-start=\"2383\" data-end=\"2386\" \/>J\u2019ai gravi les \u00e9chelons, et perdu le lien avec ce qui comptait vraiment.<br data-start=\"2458\" data-end=\"2461\" \/>Alors j\u2019ai repris des \u00e9tudes.<br data-start=\"2490\" data-end=\"2493\" \/>Coach pro. Neurosciences. Performance. Int\u00e9gration.<\/p>\n<p data-start=\"2546\" data-end=\"2674\">Et un jour, j\u2019ai d\u00e9cid\u00e9 de tout r\u00e9unir.<br data-start=\"2585\" data-end=\"2588\" \/>D\u2019unir ma rigueur d\u2019ing\u00e9nieure \u00e0 ma qu\u00eate existentielle.<br data-start=\"2644\" data-end=\"2647\" \/>Pour en faire une vocation.<\/p>\n<hr data-start=\"2676\" data-end=\"2679\" \/>\n<h2 data-start=\"2681\" data-end=\"2733\">Mon CV pro est solide, mon CV sentimental\u2026 moins.<\/h2>\n<p data-start=\"2735\" data-end=\"2935\">J\u2019ai r\u00e9ussi seule. Je voyage, je cr\u00e9e, je transmets.<br data-start=\"2787\" data-end=\"2790\" \/><strong data-start=\"2905\" data-end=\"2935\">J&rsquo;ai r\u00e9alis\u00e9 que j\u2019avais perdu foi en l&rsquo;autre, trop d\u00e9\u00e7ue et blas\u00e9e, j&rsquo;avais perdu l&rsquo;envie de conna\u00eetre l\u2019intensit\u00e9 et l&rsquo;exaltation \u00e0 travers l&rsquo;autre.<\/strong><\/p>\n<p data-start=\"2937\" data-end=\"3093\">Foi: un mot presque antinomique de science, et pourtant&#8230;<\/p>\n<hr data-start=\"3170\" data-end=\"3173\" \/>\n<h2 data-start=\"3175\" data-end=\"3198\"><strong>Et ce nom : EVOL-i ?<\/strong><\/h2>\n<p data-start=\"3200\" data-end=\"3333\">EVOL pour \u00c9VOLUER, ENVOL, ENVIE.<br data-start=\"3232\" data-end=\"3235\" \/>Le tiret comme symbole de lien.<br data-start=\"3266\" data-end=\"3269\" \/>Le \u201ci\u201d pour l\u2019individualit\u00e9, le JE, le c\u00f4t\u00e9 international aussi.<\/p>\n<p data-start=\"3335\" data-end=\"3400\">Et si tu lis \u00e0 l\u2019envers ?<br data-start=\"3360\" data-end=\"3363\" \/>I-LOVE.<br data-start=\"3370\" data-end=\"3373\" \/>Un miroir discret. Une cl\u00e9.<\/p>\n<h1 class=\"wp-block-heading has-text-align-center\">\u00a0<\/h1>\n<div class=\"wp-block-image is-style-rounded\">\n<figure class=\"aligncenter size-full is-resized\"><img loading=\"lazy\" decoding=\"async\" class=\"wp-image-31580\" src=\"https:\/\/evol-love.com\/wp-content\/uploads\/2025\/02\/cropped-IMG_6767-scaled-1.jpg\" sizes=\"(max-width: 512px) 100vw, 512px\" srcset=\"https:\/\/evol-love.com\/wp-content\/uploads\/2025\/02\/cropped-IMG_6767-scaled-1.jpg 512w, https:\/\/evol-love.com\/wp-content\/uploads\/2025\/02\/cropped-IMG_6767-scaled-1-300x300.jpg 300w, https:\/\/evol-love.com\/wp-content\/uploads\/2025\/02\/cropped-IMG_6767-scaled-1-150x150.jpg 150w, https:\/\/evol-love.com\/wp-content\/uploads\/2025\/02\/cropped-IMG_6767-scaled-1-270x270.jpg 270w, https:\/\/evol-love.com\/wp-content\/uploads\/2025\/02\/cropped-IMG_6767-scaled-1-192x192.jpg 192w, https:\/\/evol-love.com\/wp-content\/uploads\/2025\/02\/cropped-IMG_6767-scaled-1-180x180.jpg 180w, https:\/\/evol-love.com\/wp-content\/uploads\/2025\/02\/cropped-IMG_6767-scaled-1-32x32.jpg 32w\" alt=\"\" width=\"512\" height=\"512\" title=\"\"><\/figure>\n<\/div>\n<p data-start=\"3335\" data-end=\"3400\">\n<hr data-start=\"3402\" data-end=\"3405\" \/>\n<h2 data-start=\"3407\" data-end=\"3419\"><strong>EvoL-LovE<\/strong><\/h2>\n<p data-start=\"3421\" data-end=\"3493\">Evol-i a donn\u00e9 naissance \u00e0 EvoL-LovE.<br data-start=\"3458\" data-end=\"3461\" \/>Un site, une cha\u00eene, une marque.<\/p>\n<p data-start=\"3495\" data-end=\"3652\">Parce qu\u2019on a voulu placer le lien au c\u0153ur.<br data-start=\"3580\" data-end=\"3583\" \/><strong data-start=\"3583\" data-end=\"3652\">La Relation sentimentale comme espace de croissance, de solidit\u00e9, et de rayonnement.<\/strong><\/p>\n<p data-start=\"3654\" data-end=\"3786\">Si tu vibres seul(e), imagine l\u2019\u00e9nergie d\u2019un lien vibrant \u00e0 deux.<br data-start=\"3719\" data-end=\"3722\" \/>C\u2019est \u00e7a, notre vision : une alchimie intense, incarn\u00e9e, vivante.<\/p>\n<p data-start=\"3788\" data-end=\"3873\">Un \u00e9lan, un soup\u00e7on de magie, un besoin de d\u00e9codage,&#8230;<br data-start=\"3828\" data-end=\"3831\" \/>Surtout une invitation,<br data-start=\"3852\" data-end=\"3855\" \/>\u00e0 Aimer autrement.<\/p>\n<p class=\"has-text-align-center\">\n<hr class=\"wp-block-separator has-alpha-channel-opacity\" \/>\n<p>&nbsp;<\/p>\n<p style=\"text-align: center;\">[\/et_pb_text][\/et_pb_column][\/et_pb_row][\/et_pb_section]<\/p>\n","protected":false},"excerpt":{"rendered":"<p>Evol-Love l&rsquo;histoire d&rsquo;une lign\u00e9e de femmes fortes et seules. De Jeanne \u00e0 Cindy : la relation se d\u00e9code, se choisit, se construit.<\/p>","protected":false},"author":1,"featured_media":31591,"parent":0,"menu_order":0,"comment_status":"closed","ping_status":"closed","template":"","meta":{"_et_pb_use_builder":"on","_et_pb_old_content":"","_et_gb_content_width":"","footnotes":""},"class_list":["post-36","page","type-page","status-publish","has-post-thumbnail","hentry"],"_links":{"self":[{"href":"https:\/\/evol-love.com\/en\/wp-json\/wp\/v2\/pages\/36","targetHints":{"allow":["GET"]}}],"collection":[{"href":"https:\/\/evol-love.com\/en\/wp-json\/wp\/v2\/pages"}],"about":[{"href":"https:\/\/evol-love.com\/en\/wp-json\/wp\/v2\/types\/page"}],"author":[{"embeddable":true,"href":"https:\/\/evol-love.com\/en\/wp-json\/wp\/v2\/users\/1"}],"replies":[{"embeddable":true,"href":"https:\/\/evol-love.com\/en\/wp-json\/wp\/v2\/comments?post=36"}],"version-history":[{"count":15,"href":"https:\/\/evol-love.com\/en\/wp-json\/wp\/v2\/pages\/36\/revisions"}],"predecessor-version":[{"id":33729,"href":"https:\/\/evol-love.com\/en\/wp-json\/wp\/v2\/pages\/36\/revisions\/33729"}],"wp:featuredmedia":[{"embeddable":true,"href":"https:\/\/evol-love.com\/en\/wp-json\/wp\/v2\/media\/31591"}],"wp:attachment":[{"href":"https:\/\/evol-love.com\/en\/wp-json\/wp\/v2\/media?parent=36"}],"curies":[{"name":"wp","href":"https:\/\/api.w.org\/{rel}","templated":true}]}}