{"id":33134,"date":"2025-07-12T09:22:12","date_gmt":"2025-07-12T07:22:12","guid":{"rendered":"https:\/\/evol-love.com\/?page_id=33134"},"modified":"2026-04-02T03:27:06","modified_gmt":"2026-04-02T01:27:06","slug":"declic-relationnel","status":"publish","type":"page","link":"https:\/\/evol-love.com\/en\/declic-relationnel\/","title":{"rendered":"Declic Relationnel"},"content":{"rendered":"<p>[et_pb_section fb_built=\u00a0\u00bb1&Prime; _builder_version=\u00a0\u00bb4.27.4&Prime; _module_preset=\u00a0\u00bbdefault\u00a0\u00bb background_color=\u00a0\u00bbrgba(0,0,0,0.45)\u00a0\u00bb background_image=\u00a0\u00bbhttps:\/\/evol-love.com\/wp-content\/uploads\/2025\/07\/couple-pic-on-beach-1.webp\u00a0\u00bb background_blend=\u00a0\u00bbdarken\u00a0\u00bb custom_padding=\u00a0\u00bb||65px|||\u00a0\u00bb motion_trigger_start=\u00a0\u00bbtop\u00a0\u00bb global_colors_info=\u00a0\u00bb{}\u00a0\u00bb][et_pb_row _builder_version=\u00a0\u00bb4.27.4&Prime; _module_preset=\u00a0\u00bbdefault\u00a0\u00bb width=\u00a0\u00bb60%\u00a0\u00bb width_tablet=\u00a0\u00bb94%\u00a0\u00bb width_phone=\u00a0\u00bb91%\u00a0\u00bb width_last_edited=\u00a0\u00bbon|phone\u00a0\u00bb custom_margin=\u00a0\u00bb||0px||false|false\u00a0\u00bb global_colors_info=\u00a0\u00bb{}\u00a0\u00bb][et_pb_column type=\u00a0\u00bb4_4&Prime; _builder_version=\u00a0\u00bb4.27.4&Prime; _module_preset=\u00a0\u00bbdefault\u00a0\u00bb global_colors_info=\u00a0\u00bb{}\u00a0\u00bb][et_pb_text admin_label=\u00a0\u00bbText\u00a0\u00bb _builder_version=\u00a0\u00bb4.27.4&Prime; _module_preset=\u00a0\u00bbdefault\u00a0\u00bb text_font=\u00a0\u00bbRoboto||||||||\u00a0\u00bb header_font_size=\u00a0\u00bb32px\u00a0\u00bb header_2_text_align=\u00a0\u00bbcenter\u00a0\u00bb header_2_text_color=\u00a0\u00bb#FFFFFF\u00a0\u00bb header_2_font_size=\u00a0\u00bb31px\u00a0\u00bb link_option_url_new_window=\u00a0\u00bbon\u00a0\u00bb global_colors_info=\u00a0\u00bb{}\u00a0\u00bb]<\/p>\n<h2>La Relation comme \u00e9vidence<\/h2>\n<p>[\/et_pb_text][et_pb_text admin_label=\u00a0\u00bbText\u00a0\u00bb _builder_version=\u00a0\u00bb4.27.4&Prime; _module_preset=\u00a0\u00bbdefault\u00a0\u00bb text_font=\u00a0\u00bbRoboto||||||||\u00a0\u00bb text_text_color=\u00a0\u00bb#FFFFFF\u00a0\u00bb text_font_size=\u00a0\u00bb22px\u00a0\u00bb text_line_height=\u00a0\u00bb1.1em\u00a0\u00bb text_orientation=\u00a0\u00bbcenter\u00a0\u00bb custom_padding=\u00a0\u00bb0px||||false|false\u00a0\u00bb link_option_url_new_window=\u00a0\u00bbon\u00a0\u00bb text_font_size_tablet=\u00a0\u00bb22px\u00a0\u00bb text_font_size_phone=\u00a0\u00bb18px\u00a0\u00bb text_font_size_last_edited=\u00a0\u00bbon|phone\u00a0\u00bb inline_fonts=\u00a0\u00bbAbel\u00a0\u00bb global_colors_info=\u00a0\u00bb{}\u00a0\u00bb]<\/p>\n<p style=\"text-align: center;\">Vous avez d\u00e9j\u00e0 la R\u00e9ussite<br \/>Pr\u00e9parez vous \u00e0 vivre l&rsquo;intensit\u00e9 d&rsquo;un Avenir \u00e0 deux<\/p>\n<p style=\"text-align: center;\">Les cl\u00e9s de la Rencontre : ici et maintenant<\/p>\n<p style=\"text-align: center;\">[\/et_pb_text][\/et_pb_column][\/et_pb_row][\/et_pb_section][et_pb_section fb_built=\u00a0\u00bb1&Prime; _builder_version=\u00a0\u00bb4.27.4&Prime; _module_preset=\u00a0\u00bbdefault\u00a0\u00bb custom_padding=\u00a0\u00bb2px|||||\u00a0\u00bb global_colors_info=\u00a0\u00bb{}\u00a0\u00bb][et_pb_row _builder_version=\u00a0\u00bb4.27.4&Prime; _module_preset=\u00a0\u00bbdefault\u00a0\u00bb custom_padding=\u00a0\u00bb18px|||||\u00a0\u00bb global_colors_info=\u00a0\u00bb{}\u00a0\u00bb][et_pb_column type=\u00a0\u00bb4_4&Prime; _builder_version=\u00a0\u00bb4.27.4&Prime; _module_preset=\u00a0\u00bbdefault\u00a0\u00bb global_colors_info=\u00a0\u00bb{}\u00a0\u00bb][et_pb_code raw_content_last_edited=\u00a0\u00bboff|desktop\u00a0\u00bb _builder_version=\u00a0\u00bb4.27.4&Prime; _module_preset=\u00a0\u00bbdefault\u00a0\u00bb custom_padding=\u00a0\u00bb||0px|||\u00a0\u00bb global_colors_info=\u00a0\u00bb{}\u00a0\u00bb raw_content__hover_enabled=\u00a0\u00bbon|desktop\u00a0\u00bb]<!-- [et_pb_line_break_holder] --><\/p>\n<style><!-- [et_pb_line_break_holder] -->.evol-block{width:100%;display:block}<!-- [et_pb_line_break_holder] --><!-- [et_pb_line_break_holder] -->\/* Desktop \/ base *\/<!-- [et_pb_line_break_holder] -->.evol-wrap{<!-- [et_pb_line_break_holder] -->  max-width:860px;<!-- [et_pb_line_break_holder] -->  margin:0 auto;<!-- [et_pb_line_break_holder] -->  padding:20px 16px;<!-- [et_pb_line_break_holder] -->}<!-- [et_pb_line_break_holder] -->.evol-wrap p{<!-- [et_pb_line_break_holder] -->  line-height:1.5;<!-- [et_pb_line_break_holder] -->  font-size:15px;<!-- [et_pb_line_break_holder] -->  margin:0 0 10px;<!-- [et_pb_line_break_holder] -->}<!-- [et_pb_line_break_holder] -->.evol-wrap h2,<!-- [et_pb_line_break_holder] -->.evol-wrap h3{<!-- [et_pb_line_break_holder] -->  line-height:1.3;<!-- [et_pb_line_break_holder] -->  margin:16px 0 8px;<!-- [et_pb_line_break_holder] -->  text-align:center;<!-- [et_pb_line_break_holder] -->}<!-- [et_pb_line_break_holder] -->.evol-wrap h2{font-size:22px}<!-- [et_pb_line_break_holder] -->.evol-wrap h3{font-size:18px}<!-- [et_pb_line_break_holder] -->.evol-center{text-align:center}<!-- [et_pb_line_break_holder] --><!-- [et_pb_line_break_holder] -->.tlrd-box{<!-- [et_pb_line_break_holder] -->  border:1px solid #e5e5e5;<!-- [et_pb_line_break_holder] -->  background:#f9f9f9;<!-- [et_pb_line_break_holder] -->  padding:10px 12px;<!-- [et_pb_line_break_holder] -->  border-radius:10px;<!-- [et_pb_line_break_holder] -->  margin:10px 0 6px 0; \/* espace r\u00e9duit en bas *\/<!-- [et_pb_line_break_holder] -->}<!-- [et_pb_line_break_holder] -->.tlrd-box p:last-child{<!-- [et_pb_line_break_holder] -->  margin-bottom:2px; \/* \u00e9vite le \"trou\" visuel en bas de la box *\/<!-- [et_pb_line_break_holder] -->}<!-- [et_pb_line_break_holder] --><!-- [et_pb_line_break_holder] -->.table-wrap{<!-- [et_pb_line_break_holder] -->  width:100%;<!-- [et_pb_line_break_holder] -->  overflow-x:auto;<!-- [et_pb_line_break_holder] -->  margin:14px 0;<!-- [et_pb_line_break_holder] -->  border-radius:10px;<!-- [et_pb_line_break_holder] -->  border:1px solid #eee;<!-- [et_pb_line_break_holder] -->}<!-- [et_pb_line_break_holder] -->.cmp-table{<!-- [et_pb_line_break_holder] -->  min-width:560px;<!-- [et_pb_line_break_holder] -->  width:100%;<!-- [et_pb_line_break_holder] -->  border-collapse:collapse;<!-- [et_pb_line_break_holder] -->  text-align:center;<!-- [et_pb_line_break_holder] -->  font-size:14px;<!-- [et_pb_line_break_holder] -->}<!-- [et_pb_line_break_holder] -->.cmp-table th,<!-- [et_pb_line_break_holder] -->.cmp-table td{<!-- [et_pb_line_break_holder] -->  border:1px solid #e6e6e6;<!-- [et_pb_line_break_holder] -->  padding:10px;<!-- [et_pb_line_break_holder] -->}<!-- [et_pb_line_break_holder] -->.cmp-table thead{background:#f4f4f4}<!-- [et_pb_line_break_holder] -->.cmp-table em{opacity:.9}<!-- [et_pb_line_break_holder] --><!-- [et_pb_line_break_holder] -->.faq-accordion details{<!-- [et_pb_line_break_holder] -->  margin-top:6px;<!-- [et_pb_line_break_holder] -->  border:1px solid #ddd;<!-- [et_pb_line_break_holder] -->  border-radius:8px;<!-- [et_pb_line_break_holder] -->  overflow:hidden;<!-- [et_pb_line_break_holder] -->  font-size:14px;<!-- [et_pb_line_break_holder] -->}<!-- [et_pb_line_break_holder] -->.faq-accordion summary{<!-- [et_pb_line_break_holder] -->  list-style:none;<!-- [et_pb_line_break_holder] -->  padding:10px 12px;<!-- [et_pb_line_break_holder] -->  font-weight:600;<!-- [et_pb_line_break_holder] -->  cursor:pointer;<!-- [et_pb_line_break_holder] -->  background:#f7f7f7;<!-- [et_pb_line_break_holder] -->}<!-- [et_pb_line_break_holder] -->.faq-accordion summary::-webkit-details-marker{display:none}<!-- [et_pb_line_break_holder] -->.faq-accordion details[open] summary{background:#eee}<!-- [et_pb_line_break_holder] -->.faq-accordion .answer{<!-- [et_pb_line_break_holder] -->  padding:10px 12px;<!-- [et_pb_line_break_holder] -->  background:#fff;<!-- [et_pb_line_break_holder] -->  border-top:1px solid #eee;<!-- [et_pb_line_break_holder] -->}<!-- [et_pb_line_break_holder] --><!-- [et_pb_line_break_holder] -->.cta{<!-- [et_pb_line_break_holder] -->  display:inline-block;<!-- [et_pb_line_break_holder] -->  margin:16px 0;<!-- [et_pb_line_break_holder] -->  padding:12px 18px;<!-- [et_pb_line_break_holder] -->  background:#111;<!-- [et_pb_line_break_holder] -->  color:#fff;<!-- [et_pb_line_break_holder] -->  text-decoration:none;<!-- [et_pb_line_break_holder] -->  border-radius:10px;<!-- [et_pb_line_break_holder] -->  font-weight:600;<!-- [et_pb_line_break_holder] -->  font-size:15px;<!-- [et_pb_line_break_holder] -->}<!-- [et_pb_line_break_holder] -->.cta:hover{opacity:.9}<!-- [et_pb_line_break_holder] --><!-- [et_pb_line_break_holder] -->\/* Tablet *\/<!-- [et_pb_line_break_holder] -->@media (max-width: 900px){<!-- [et_pb_line_break_holder] -->  .evol-wrap{<!-- [et_pb_line_break_holder] -->    padding:18px 12px; \/* marges lat\u00e9rales r\u00e9duites *\/<!-- [et_pb_line_break_holder] -->  }<!-- [et_pb_line_break_holder] -->}<!-- [et_pb_line_break_holder] --><!-- [et_pb_line_break_holder] -->\/* Mobile *\/<!-- [et_pb_line_break_holder] -->@media (max-width: 640px){<!-- [et_pb_line_break_holder] -->  .evol-wrap{<!-- [et_pb_line_break_holder] -->    padding:16px 8px; \/* encore plus serr\u00e9 sur mobile *\/<!-- [et_pb_line_break_holder] -->  }<!-- [et_pb_line_break_holder] -->  .evol-wrap p{<!-- [et_pb_line_break_holder] -->    font-size:14px;<!-- [et_pb_line_break_holder] -->    line-height:1.45;<!-- [et_pb_line_break_holder] -->  }<!-- [et_pb_line_break_holder] -->  .evol-wrap h2{<!-- [et_pb_line_break_holder] -->    font-size:20px;<!-- [et_pb_line_break_holder] -->  }<!-- [et_pb_line_break_holder] -->  .evol-wrap h3{<!-- [et_pb_line_break_holder] -->    font-size:16px;<!-- [et_pb_line_break_holder] -->  }<!-- [et_pb_line_break_holder] -->  .cmp-table{<!-- [et_pb_line_break_holder] -->    font-size:13px;<!-- [et_pb_line_break_holder] -->  }<!-- [et_pb_line_break_holder] -->}<!-- [et_pb_line_break_holder] --><\/style>\n<p><!-- [et_pb_line_break_holder] --><!-- [et_pb_line_break_holder] --><\/p>\n<div class=\"evol-block\"><!-- [et_pb_line_break_holder] -->  <\/p>\n<div class=\"evol-wrap evol-center\"><!-- [et_pb_line_break_holder] --><!-- [et_pb_line_break_holder] -->    <!-- TL;DR --><!-- [et_pb_line_break_holder] -->    <\/p>\n<div class=\"tlrd-box\"><!-- [et_pb_line_break_holder] -->      <pee><em><strong>En bref \u2014 Le D\u00e9clic :<\/strong> un rdv de 30 min, un impact, pour ceux\/celles qui ont construit une vie solide \u2013 carri\u00e8re, libert\u00e9, projets \u2013 et qui aspirent \u00e0 une rencontre sentimentale au m\u00eame niveau.<\/em><\/pee><!-- [et_pb_line_break_holder] -->    <\/div>\n<p><!-- [et_pb_line_break_holder] --><!-- [et_pb_line_break_holder] -->    <!-- TITRE \/ INTRO --><!-- [et_pb_line_break_holder] -->    <\/p>\n<h2><strong>Le D\u00e9clic<\/strong><\/h2>\n<p><!-- [et_pb_line_break_holder] --><!-- [et_pb_line_break_holder] -->    <pee><strong>Provoque-le<\/strong> et <strong>active la vraie rencontre<\/strong><!\u2013- [et_pb_br_holder] -\u2013><!-- [et_pb_line_break_holder] -->    <em>le rdv qui peut tout changer<\/em><\/pee><!-- [et_pb_line_break_holder] --><!-- [et_pb_line_break_holder] -->    <pee><!-- [et_pb_line_break_holder] -->      Quand <strong>chercher \u00e0 comprendre ne suffit plus<\/strong>,<!\u2013- [et_pb_br_holder] -\u2013><!-- [et_pb_line_break_holder] -->      et que tu choisis d\u2019acc\u00e9der \u00e0 une rencontre<!\u2013- [et_pb_br_holder] -\u2013><!-- [et_pb_line_break_holder] -->      <strong>r\u00e9elle, incarn\u00e9e, intense<\/strong>.<!-- [et_pb_line_break_holder] -->    <\/pee><!-- [et_pb_line_break_holder] --><!-- [et_pb_line_break_holder] -->    <pee><!-- [et_pb_line_break_holder] -->      Quand il manque cette personne \u00e0 tes c\u00f4t\u00e9s,<!\u2013- [et_pb_br_holder] -\u2013><!-- [et_pb_line_break_holder] -->      un \u00ab\u00a0Date sur une appli\u00a0\u00bb est une illusion.<!\u2013- [et_pb_br_holder] -\u2013><!-- [et_pb_line_break_holder] -->      <strong>Ce D\u00e9clic ouvre sur ce qui te correspond vraiment.<\/strong><!-- [et_pb_line_break_holder] -->    <\/pee><!-- [et_pb_line_break_holder] --><!-- [et_pb_line_break_holder] -->    <pee><!-- [et_pb_line_break_holder] -->      <em>un rdv pour les plus d\u00e9termin\u00e9s<\/em><!\u2013- [et_pb_br_holder] -\u2013><!-- [et_pb_line_break_holder] -->      r\u00e9serv\u00e9 \u00e0 ceux qui veulent :<!\u2013- [et_pb_br_holder] -\u2013><!\u2013- [et_pb_br_holder] -\u2013><!-- [et_pb_line_break_holder] -->      Vivre un lien profond et puissant,<!\u2013- [et_pb_br_holder] -\u2013><!-- [et_pb_line_break_holder] -->      quand l&rsquo;attirance et le d\u00e9sir se r\u00e9pondent dans<!\u2013- [et_pb_br_holder] -\u2013><!-- [et_pb_line_break_holder] -->      <strong>une relation intense et solide<\/strong>.<!-- [et_pb_line_break_holder] -->    <\/pee><!-- [et_pb_line_break_holder] --><!-- [et_pb_line_break_holder] -->    <pee><!-- [et_pb_line_break_holder] -->      Pr\u00eat \u00e0 vivre : on se retrouve de l\u2019autre c\u00f4t\u00e9\u2026<!\u2013- [et_pb_br_holder] -\u2013><!-- [et_pb_line_break_holder] -->      dans l\u2019Alc\u00f4ve de l&rsquo;Ar\u00e8ne,<!\u2013- [et_pb_br_holder] -\u2013><!-- [et_pb_line_break_holder] -->      <em>ne s\u2019ouvre qu\u2019\u00e0 ceux qui osent franchir les limites<\/em>.<!-- [et_pb_line_break_holder] -->    <\/pee><!-- [et_pb_line_break_holder] --><!-- [et_pb_line_break_holder] -->    <!-- CTA BOUTON --><!-- [et_pb_line_break_holder] -->    <pee><!-- [et_pb_line_break_holder] -->      <a href=\"https:\/\/go.evol-love.com\/declicrelationnel-booking\" class=\"cta\">\u2728 Rdv pour le D\u00e9clic \u2728<\/a><!-- [et_pb_line_break_holder] -->    <\/pee><!-- [et_pb_line_break_holder] --><!-- [et_pb_line_break_holder] -->    <!-- TABLEAU COMPARATIF --><!-- [et_pb_line_break_holder] -->    <\/p>\n<h3><strong>D\u00e9clic, coaching, ou applis ?<\/strong><\/h3>\n<p><!-- [et_pb_line_break_holder] --><!-- [et_pb_line_break_holder] -->    <\/p>\n<div class=\"table-wrap\"><!-- [et_pb_line_break_holder] -->      <\/p>\n<table class=\"cmp-table\"><!-- [et_pb_line_break_holder] -->        <\/p>\n<thead><!-- [et_pb_line_break_holder] -->          <\/p>\n<tr><!-- [et_pb_line_break_holder] -->            <\/p>\n<th><strong>Crit\u00e8re<\/strong><\/th>\n<p><!-- [et_pb_line_break_holder] -->            <\/p>\n<th><strong>Applis de rencontre<\/strong><\/th>\n<p><!-- [et_pb_line_break_holder] -->            <\/p>\n<th><strong>Coaching classique<\/strong><\/th>\n<p><!-- [et_pb_line_break_holder] -->            <\/p>\n<th><strong>Le D\u00e9clic<\/strong><\/th>\n<p><!-- [et_pb_line_break_holder] -->          <\/tr>\n<p><!-- [et_pb_line_break_holder] -->        <\/thead>\n<p><!-- [et_pb_line_break_holder] -->        <\/p>\n<tbody><!-- [et_pb_line_break_holder] -->          <\/p>\n<tr><!-- [et_pb_line_break_holder] -->            <\/p>\n<td><strong>Objectif<\/strong><\/td>\n<p><!-- [et_pb_line_break_holder] -->            <\/p>\n<td>Matchs rapides<\/td>\n<p><!-- [et_pb_line_break_holder] -->            <\/p>\n<td>Travail sur soi<\/td>\n<p><!-- [et_pb_line_break_holder] -->            <\/p>\n<td><strong>D\u00e9clenchement de la rencontre r\u00e9elle<\/strong><\/td>\n<p><!-- [et_pb_line_break_holder] -->          <\/tr>\n<p><!-- [et_pb_line_break_holder] -->          <\/p>\n<tr><!-- [et_pb_line_break_holder] -->            <\/p>\n<td><strong>Format<\/strong><\/td>\n<p><!-- [et_pb_line_break_holder] -->            <\/p>\n<td>Usage continu<\/td>\n<p><!-- [et_pb_line_break_holder] -->            <\/p>\n<td>Semaines \/ mois<\/td>\n<p><!-- [et_pb_line_break_holder] -->            <\/p>\n<td><strong>30 minutes \u2014 impact imm\u00e9diat<\/strong><\/td>\n<p><!-- [et_pb_line_break_holder] -->          <\/tr>\n<p><!-- [et_pb_line_break_holder] -->          <\/p>\n<tr><!-- [et_pb_line_break_holder] -->            <\/p>\n<td><strong>Public<\/strong><\/td>\n<p><!-- [et_pb_line_break_holder] -->            <\/p>\n<td>Tout- le monde<\/td>\n<p><!-- [et_pb_line_break_holder] -->            <\/p>\n<td>Tous profils<\/td>\n<p><!-- [et_pb_line_break_holder] -->            <\/p>\n<td><strong>Profils exigeants, d\u00e9termin\u00e9s<\/strong><\/td>\n<p><!-- [et_pb_line_break_holder] -->          <\/tr>\n<p><!-- [et_pb_line_break_holder] -->          <\/p>\n<tr><!-- [et_pb_line_break_holder] -->            <\/p>\n<td><strong>R\u00e9sultat attendu<\/strong><\/td>\n<p><!-- [et_pb_line_break_holder] -->            <\/p>\n<td>Rendez-vous al\u00e9atoires<\/td>\n<p><!-- [et_pb_line_break_holder] -->            <\/p>\n<td>Prise de conscience<\/td>\n<p><!-- [et_pb_line_break_holder] -->            <\/p>\n<td><strong>vision + premi\u00e8re action juste<\/strong><\/td>\n<p><!-- [et_pb_line_break_holder] -->          <\/tr>\n<p><!-- [et_pb_line_break_holder] -->        <\/tbody>\n<p><!-- [et_pb_line_break_holder] -->      <\/table>\n<p><!-- [et_pb_line_break_holder] -->    <\/div>\n<p><!-- [et_pb_line_break_holder] --><!-- [et_pb_line_break_holder] -->    <!-- FAQ --><!-- [et_pb_line_break_holder] -->    <\/p>\n<h3><strong>Questions fr\u00e9quentes<\/strong><\/h3>\n<p><!-- [et_pb_line_break_holder] --><!-- [et_pb_line_break_holder] -->    <\/p>\n<div class=\"faq-accordion\"><!-- [et_pb_line_break_holder] --><!-- [et_pb_line_break_holder] -->      <\/p>\n<details><!-- [et_pb_line_break_holder] -->        <\/p>\n<summary>Est-ce que c\u2019est pour moi ?<\/summary>\n<p><!-- [et_pb_line_break_holder] -->        <\/p>\n<div class=\"answer\"><!-- [et_pb_line_break_holder] -->          <pee><!-- [et_pb_line_break_holder] -->            Si tu as d\u00e9j\u00e0 essay\u00e9 applis et coaching sans vraie avanc\u00e9e,<!\u2013- [et_pb_br_holder] -\u2013><!-- [et_pb_line_break_holder] -->            et que tu veux une <strong>mise en mouvement nette<\/strong> vers une rencontre \u00e0 ton niveau.<!-- [et_pb_line_break_holder] -->          <\/pee><!-- [et_pb_line_break_holder] -->        <\/div>\n<p><!-- [et_pb_line_break_holder] -->      <\/details>\n<p><!-- [et_pb_line_break_holder] --><!-- [et_pb_line_break_holder] -->      <\/p>\n<details><!-- [et_pb_line_break_holder] -->        <\/p>\n<summary>Combien de temps \u00e7a dure ?<\/summary>\n<p><!-- [et_pb_line_break_holder] -->        <\/p>\n<div class=\"answer\"><!-- [et_pb_line_break_holder] -->          <pee><!-- [et_pb_line_break_holder] -->            <strong>30 minutes.<\/strong> Le D\u00e9clic est <em>un d\u00e9clencheur, pas un programme<\/em>.<!-- [et_pb_line_break_holder] -->          <\/pee><!-- [et_pb_line_break_holder] -->        <\/div>\n<p><!-- [et_pb_line_break_holder] -->      <\/details>\n<p><!-- [et_pb_line_break_holder] --><!-- [et_pb_line_break_holder] -->      <\/p>\n<details><!-- [et_pb_line_break_holder] -->        <\/p>\n<summary>Qu\u2019est-ce que j\u2019en retire concr\u00e8tement ?<\/summary>\n<p><!-- [et_pb_line_break_holder] -->        <\/p>\n<div class=\"answer\"><!-- [et_pb_line_break_holder] -->          <pee><!-- [et_pb_line_break_holder] -->            Une <strong>clart\u00e9 imm\u00e9diate<\/strong>, une <strong>tension vivante<\/strong>,<!\u2013- [et_pb_br_holder] -\u2013><!-- [et_pb_line_break_holder] -->            et la <strong>prochaine action juste<\/strong> pour enclencher la rencontre r\u00e9elle.<!-- [et_pb_line_break_holder] -->          <\/pee><!-- [et_pb_line_break_holder] -->        <\/div>\n<p><!-- [et_pb_line_break_holder] -->      <\/details>\n<p><!-- [et_pb_line_break_holder] --><!-- [et_pb_line_break_holder] -->      <\/p>\n<details><!-- [et_pb_line_break_holder] -->        <\/p>\n<summary>Quelle diff\u00e9rence avec un coaching ou une appli ?<\/summary>\n<p><!-- [et_pb_line_break_holder] -->        <\/p>\n<div class=\"answer\"><!-- [et_pb_line_break_holder] -->          <pee><!-- [et_pb_line_break_holder] -->            Aucune th\u00e9orie longue ni \u201cmatching\u201d :<!\u2013- [et_pb_br_holder] -\u2013><!-- [et_pb_line_break_holder] -->            c\u2019est une <strong>bascule incarn\u00e9e<\/strong>, calibr\u00e9e pour toi, ici et maintenant.<!-- [et_pb_line_break_holder] -->          <\/pee><!-- [et_pb_line_break_holder] -->        <\/div>\n<p><!-- [et_pb_line_break_holder] -->      <\/details>\n<p><!-- [et_pb_line_break_holder] --><!-- [et_pb_line_break_holder] -->      <\/p>\n<details><!-- [et_pb_line_break_holder] -->        <\/p>\n<summary>Que se passe-t-il apr\u00e8s ?<\/summary>\n<p><!-- [et_pb_line_break_holder] -->        <\/p>\n<div class=\"answer\"><!-- [et_pb_line_break_holder] -->          <pee><!-- [et_pb_line_break_holder] -->            Tu repars avec une <strong>orientation claire<\/strong> : poursuite autonome<!\u2013- [et_pb_br_holder] -\u2013><!-- [et_pb_line_break_holder] -->            ou entr\u00e9e dans un <em>parcours adapt\u00e9<\/em>.<!-- [et_pb_line_break_holder] -->          <\/pee><!-- [et_pb_line_break_holder] -->        <\/div>\n<p><!-- [et_pb_line_break_holder] -->      <\/details>\n<p><!-- [et_pb_line_break_holder] --><!-- [et_pb_line_break_holder] -->    <\/div>\n<p><!-- [et_pb_line_break_holder] --><!-- [et_pb_line_break_holder] -->    <!-- ANCRE FORMULAIRE (si besoin plus bas) --><!-- [et_pb_line_break_holder] -->    <\/p>\n<div id=\"declic-form\"><\/div>\n<p><!-- [et_pb_line_break_holder] --><!-- [et_pb_line_break_holder] -->  <\/div>\n<p><!-- [et_pb_line_break_holder] --><\/div>\n<p><!-- [et_pb_line_break_holder] -->[\/et_pb_code][et_pb_code _builder_version=\u00a0\u00bb4.27.4&Prime; _module_preset=\u00a0\u00bbdefault\u00a0\u00bb locked=\u00a0\u00bboff\u00a0\u00bb global_colors_info=\u00a0\u00bb{}\u00a0\u00bb][\/et_pb_code][et_pb_button button_url=\u00a0\u00bbhttps:\/\/go.evol-love.com\/declicrelationnel-booking\u00a0\u00bb url_new_window=\u00a0\u00bbon\u00a0\u00bb button_text=\u00a0\u00bbPr\u00eat pour le D\u00e9clic ? \u00a0\u00bb button_alignment=\u00a0\u00bbcenter\u00a0\u00bb _builder_version=\u00a0\u00bb4.27.4&Prime; _module_preset=\u00a0\u00bbdefault\u00a0\u00bb custom_button=\u00a0\u00bbon\u00a0\u00bb button_text_color=\u00a0\u00bb#FFFFFF\u00a0\u00bb button_bg_color=\u00a0\u00bb#C4963D\u00a0\u00bb button_border_radius=\u00a0\u00bb10px\u00a0\u00bb button_use_icon=\u00a0\u00bboff\u00a0\u00bb global_colors_info=\u00a0\u00bb{}\u00a0\u00bb][\/et_pb_button][et_pb_button button_url=\u00a0\u00bbhttps:\/\/go.evol-love.com\/animal\u00a0\u00bb url_new_window=\u00a0\u00bbon\u00a0\u00bb button_text=\u00a0\u00bbTu h\u00e9sites ? Passe le test d&rsquo;abord\u00a0\u00bb button_alignment=\u00a0\u00bbcenter\u00a0\u00bb _builder_version=\u00a0\u00bb4.27.4&Prime; _module_preset=\u00a0\u00bbdefault\u00a0\u00bb custom_button=\u00a0\u00bbon\u00a0\u00bb button_text_color=\u00a0\u00bb#FFFFFF\u00a0\u00bb button_bg_color=\u00a0\u00bb#E8C16D\u00a0\u00bb button_border_radius=\u00a0\u00bb10px\u00a0\u00bb button_use_icon=\u00a0\u00bboff\u00a0\u00bb global_colors_info=\u00a0\u00bb{}\u00a0\u00bb][\/et_pb_button][\/et_pb_column][\/et_pb_row][\/et_pb_section]<\/p>\n","protected":false},"excerpt":{"rendered":"<p>La Relation comme \u00e9videnceVous avez d\u00e9j\u00e0 la R\u00e9ussitePr\u00e9parez vous \u00e0 vivre l&rsquo;intensit\u00e9 d&rsquo;un Avenir \u00e0 deux Les cl\u00e9s de la Rencontre : ici et maintenant<\/p>","protected":false},"author":1,"featured_media":0,"parent":0,"menu_order":0,"comment_status":"closed","ping_status":"closed","template":"","meta":{"_et_pb_use_builder":"on","_et_pb_old_content":"","_et_gb_content_width":"","footnotes":""},"class_list":["post-33134","page","type-page","status-publish","hentry"],"_links":{"self":[{"href":"https:\/\/evol-love.com\/en\/wp-json\/wp\/v2\/pages\/33134","targetHints":{"allow":["GET"]}}],"collection":[{"href":"https:\/\/evol-love.com\/en\/wp-json\/wp\/v2\/pages"}],"about":[{"href":"https:\/\/evol-love.com\/en\/wp-json\/wp\/v2\/types\/page"}],"author":[{"embeddable":true,"href":"https:\/\/evol-love.com\/en\/wp-json\/wp\/v2\/users\/1"}],"replies":[{"embeddable":true,"href":"https:\/\/evol-love.com\/en\/wp-json\/wp\/v2\/comments?post=33134"}],"version-history":[{"count":37,"href":"https:\/\/evol-love.com\/en\/wp-json\/wp\/v2\/pages\/33134\/revisions"}],"predecessor-version":[{"id":33759,"href":"https:\/\/evol-love.com\/en\/wp-json\/wp\/v2\/pages\/33134\/revisions\/33759"}],"wp:attachment":[{"href":"https:\/\/evol-love.com\/en\/wp-json\/wp\/v2\/media?parent=33134"}],"curies":[{"name":"wp","href":"https:\/\/api.w.org\/{rel}","templated":true}]}}