{"id":31867,"date":"2025-03-26T13:53:16","date_gmt":"2025-03-26T12:53:16","guid":{"rendered":"https:\/\/evol-love.com\/?page_id=31867"},"modified":"2026-04-03T04:51:56","modified_gmt":"2026-04-03T02:51:56","slug":"accueil","status":"publish","type":"page","link":"https:\/\/evol-love.com\/en\/","title":{"rendered":"Accueil"},"content":{"rendered":"<p>[et_pb_section fb_built=\u00a0\u00bb1&Prime; _builder_version=\u00a0\u00bb4.27.6&Prime; _module_preset=\u00a0\u00bbdefault\u00a0\u00bb background_color=\u00a0\u00bb#000000&Prime; background_image=\u00a0\u00bbhttps:\/\/evol-love.com\/wp-content\/uploads\/2026\/04\/evol_love_og_logo.jpg\u00a0\u00bb background_size=\u00a0\u00bbcontain\u00a0\u00bb background_blend=\u00a0\u00bbdarken\u00a0\u00bb module_alignment=\u00a0\u00bbcenter\u00a0\u00bb custom_padding=\u00a0\u00bb||1px|||\u00a0\u00bb motion_trigger_start=\u00a0\u00bbtop\u00a0\u00bb global_colors_info=\u00a0\u00bb{}\u00a0\u00bb][et_pb_row _builder_version=\u00a0\u00bb4.27.6&Prime; _module_preset=\u00a0\u00bbdefault\u00a0\u00bb background_image=\u00a0\u00bbhttps:\/\/evol-love.com\/wp-content\/uploads\/2026\/04\/evol_love_og_logo.jpg\u00a0\u00bb width=\u00a0\u00bb60%\u00a0\u00bb width_tablet=\u00a0\u00bb94%\u00a0\u00bb width_phone=\u00a0\u00bb91%\u00a0\u00bb width_last_edited=\u00a0\u00bbon|phone\u00a0\u00bb module_alignment=\u00a0\u00bbcenter\u00a0\u00bb custom_margin=\u00a0\u00bb||0px||false|false\u00a0\u00bb custom_padding=\u00a0\u00bb128px|||||\u00a0\u00bb link_option_url_new_window=\u00a0\u00bbon\u00a0\u00bb collapsed=\u00a0\u00bboff\u00a0\u00bb global_colors_info=\u00a0\u00bb{}\u00a0\u00bb][et_pb_column type=\u00a0\u00bb4_4&Prime; _builder_version=\u00a0\u00bb4.27.4&Prime; _module_preset=\u00a0\u00bbdefault\u00a0\u00bb global_colors_info=\u00a0\u00bb{}\u00a0\u00bb][et_pb_text admin_label=\u00a0\u00bbText\u00a0\u00bb _builder_version=\u00a0\u00bb4.27.6&Prime; _module_preset=\u00a0\u00bbdefault\u00a0\u00bb text_font=\u00a0\u00bbAntic Didone||||||||\u00a0\u00bb text_text_color=\u00a0\u00bb#FFFFFF\u00a0\u00bb header_font_size=\u00a0\u00bb32px\u00a0\u00bb header_2_text_align=\u00a0\u00bbcenter\u00a0\u00bb header_2_text_color=\u00a0\u00bb#FFFFFF\u00a0\u00bb header_2_font_size=\u00a0\u00bb31px\u00a0\u00bb custom_margin=\u00a0\u00bb-151px|||||\u00a0\u00bb custom_padding=\u00a0\u00bb||24px|||\u00a0\u00bb global_colors_info=\u00a0\u00bb{}\u00a0\u00bb]<\/p>\n<h2>\u00a0<\/h2>\n<h2>\u00a0<\/h2>\n<h2 style=\"text-align: center;\"><\/h2>\n<p>[\/et_pb_text][\/et_pb_column][\/et_pb_row][et_pb_row _builder_version=\u00a0\u00bb4.27.6&Prime; _module_preset=\u00a0\u00bbdefault\u00a0\u00bb background_color=\u00a0\u00bb#000000&Prime; background_enable_image=\u00a0\u00bboff\u00a0\u00bb width=\u00a0\u00bb60%\u00a0\u00bb width_tablet=\u00a0\u00bb94%\u00a0\u00bb width_phone=\u00a0\u00bb91%\u00a0\u00bb width_last_edited=\u00a0\u00bbon|phone\u00a0\u00bb module_alignment=\u00a0\u00bbcenter\u00a0\u00bb min_height=\u00a0\u00bb56.8px\u00a0\u00bb custom_margin=\u00a0\u00bb||0px||false|false\u00a0\u00bb custom_padding=\u00a0\u00bb75px||1px|||\u00a0\u00bb link_option_url_new_window=\u00a0\u00bbon\u00a0\u00bb collapsed=\u00a0\u00bboff\u00a0\u00bb global_colors_info=\u00a0\u00bb{}\u00a0\u00bb][et_pb_column type=\u00a0\u00bb4_4&Prime; _builder_version=\u00a0\u00bb4.27.4&Prime; _module_preset=\u00a0\u00bbdefault\u00a0\u00bb global_colors_info=\u00a0\u00bb{}\u00a0\u00bb][et_pb_text admin_label=\u00a0\u00bbText\u00a0\u00bb _builder_version=\u00a0\u00bb4.27.6&Prime; _module_preset=\u00a0\u00bbdefault\u00a0\u00bb text_font=\u00a0\u00bbAntic Didone||||||||\u00a0\u00bb text_text_color=\u00a0\u00bb#FFFFFF\u00a0\u00bb header_font_size=\u00a0\u00bb32px\u00a0\u00bb header_2_text_align=\u00a0\u00bbcenter\u00a0\u00bb header_2_text_color=\u00a0\u00bb#FFFFFF\u00a0\u00bb header_2_font_size=\u00a0\u00bb31px\u00a0\u00bb custom_margin=\u00a0\u00bb-151px|||||\u00a0\u00bb custom_padding=\u00a0\u00bb||24px|||\u00a0\u00bb global_colors_info=\u00a0\u00bb{}\u00a0\u00bb]<\/p>\n<h2>\u00a0<\/h2>\n<h2>\u00a0<\/h2>\n<h2 style=\"text-align: center;\">La Relation comme \u00e9vidence<\/h2>\n<p>[\/et_pb_text][\/et_pb_column][\/et_pb_row][\/et_pb_section][et_pb_section fb_built=\u00a0\u00bb1&Prime; _builder_version=\u00a0\u00bb4.27.6&Prime; _module_preset=\u00a0\u00bbdefault\u00a0\u00bb custom_padding=\u00a0\u00bb2px|||||\u00a0\u00bb global_colors_info=\u00a0\u00bb{}\u00a0\u00bb][et_pb_row _builder_version=\u00a0\u00bb4.27.6&Prime; _module_preset=\u00a0\u00bbdefault\u00a0\u00bb width=\u00a0\u00bb81%\u00a0\u00bb max_width=\u00a0\u00bb968px\u00a0\u00bb module_alignment=\u00a0\u00bbcenter\u00a0\u00bb custom_padding=\u00a0\u00bb18px|||||\u00a0\u00bb global_colors_info=\u00a0\u00bb{}\u00a0\u00bb][et_pb_column type=\u00a0\u00bb4_4&Prime; _builder_version=\u00a0\u00bb4.27.6&Prime; _module_preset=\u00a0\u00bbdefault\u00a0\u00bb global_colors_info=\u00a0\u00bb{}\u00a0\u00bb][et_pb_text content_tablet=\u00a0\u00bb<\/p>\n<p style=%22text-align: center;%22><b>Tu peux tout r\u00e9ussir\u2026 et quand m\u00eame te planter en amour<br \/><\/b><span style=%22font-size: medium;%22>J\u2019avais le job parfait, la libert\u00e9 de voyager\u2026 et un grand vide \u00e0 c\u00f4t\u00e9. <span style=%22font-weight: 400;%22>Je suis n\u00e9e dans une lign\u00e9e de femmes fortes, brillantes\u2026et seules. Et moi ? <br \/>J\u2019ai h\u00e9rit\u00e9 du m\u00eame sc\u00e9nario, jusqu\u2019\u00e0 ce que je d\u00e9cide de hacker le syst\u00e8me.<br \/><\/span><span style=%22font-weight: 400;%22>J\u2019ai mis l\u2019amour sur pause trop longtemps. Puis j\u2019ai d\u00e9cid\u00e9 d\u2019en faire un terrain d\u2019exploration et une vocation.<\/span><span style=%22font-weight: 400;%22><br \/><\/span><span style=%22font-weight: 400;%22> \ud83d\udca1 Pourquoi EvoL-LovE ? Tout part d\u2019ici<\/span><\/span><\/p>\n<p>\u00a0\u00bb content_phone=\u00a0\u00bb<\/p>\n<p style=%22text-align: center;%22><b>Tu peux tout r\u00e9ussir\u2026 et quand m\u00eame te planter en amour<br \/><\/b><span style=%22font-size: medium;%22>J\u2019avais le job parfait, la libert\u00e9 de voyager\u2026 et un grand vide \u00e0 c\u00f4t\u00e9. <span style=%22font-weight: 400;%22>Je suis n\u00e9e dans une lign\u00e9e de femmes fortes, brillantes\u2026<br \/>et seules. Et moi ? J\u2019ai h\u00e9rit\u00e9 du m\u00eame sc\u00e9nario, jusqu\u2019\u00e0 ce que je d\u00e9cide de hacker le syst\u00e8me.<br \/><\/span><span style=%22font-weight: 400;%22>J\u2019ai mis l\u2019amour sur pause trop longtemps. Puis j\u2019ai d\u00e9cid\u00e9 d\u2019en faire un terrain d\u2019exploration et une vocation.<\/span><span style=%22font-weight: 400;%22><br \/><\/span><span style=%22font-weight: 400;%22> \ud83d\udca1 Pourquoi EvoL-LovE ? Tout part d\u2019ici<\/span><\/span><\/p>\n<p>\u00a0\u00bb content_last_edited=\u00a0\u00bboff|desktop\u00a0\u00bb admin_label=\u00a0\u00bbtexte a propos mini\u00a0\u00bb _builder_version=\u00a0\u00bb4.27.6&Prime; _module_preset=\u00a0\u00bbdefault\u00a0\u00bb text_font_size=\u00a0\u00bb20px\u00a0\u00bb text_line_height=\u00a0\u00bb1.4em\u00a0\u00bb link_font=\u00a0\u00bb||||on|||#C4963D|\u00a0\u00bb link_text_color=\u00a0\u00bb#C4963D\u00a0\u00bb min_height=\u00a0\u00bb100px\u00a0\u00bb custom_padding=\u00a0\u00bb||0px|||\u00a0\u00bb text_font_size_tablet=\u00a0\u00bb18px\u00a0\u00bb text_font_size_phone=\u00a0\u00bb17px\u00a0\u00bb text_font_size_last_edited=\u00a0\u00bbon|phone\u00a0\u00bb global_colors_info=\u00a0\u00bb{}\u00a0\u00bb]<\/p>\n<p style=\"text-align: center;\"><b>\u00a0 Evol-Love<br \/><\/b>La Rencontre : ici et maintenant<br \/><strong data-start=\"4526\" data-end=\"4594\">Quand une vie a d\u00e9j\u00e0 du relief, <br \/>le lien ne peut plus \u00eatre banal<\/strong><\/p>\n<p style=\"text-align: center;\">\n<p>[\/et_pb_text][et_pb_code _builder_version=\u00a0\u00bb4.27.6&Prime; _module_preset=\u00a0\u00bbdefault\u00a0\u00bb text_orientation=\u00a0\u00bbcenter\u00a0\u00bb width=\u00a0\u00bb100%\u00a0\u00bb max_width=\u00a0\u00bb100%\u00a0\u00bb module_alignment=\u00a0\u00bbcenter\u00a0\u00bb min_height=\u00a0\u00bb95px\u00a0\u00bb height=\u00a0\u00bb300px\u00a0\u00bb max_height=\u00a0\u00bb1000px\u00a0\u00bb custom_margin=\u00a0\u00bb-24px||4px||false|false\u00a0\u00bb custom_padding=\u00a0\u00bb0px|0px|28px||false|false\u00a0\u00bb global_colors_info=\u00a0\u00bb{}\u00a0\u00bb]<script id=\"form-script-tag-17577441\" src=\"https:\/\/go.evol-love.com\/public\/remote\/page\/27876634f33f425942b5752b7b37a520c4ef5201.js\"><\/script>[\/et_pb_code][et_pb_text content_tablet=\u00a0\u00bb<\/p>\n<p style=%22text-align: center;%22><b>Tu peux tout r\u00e9ussir\u2026 et quand m\u00eame te planter en amour<br \/><\/b><span style=%22font-size: medium;%22>J\u2019avais le job parfait, la libert\u00e9 de voyager\u2026 et un grand vide \u00e0 c\u00f4t\u00e9. <span style=%22font-weight: 400;%22>Je suis n\u00e9e dans une lign\u00e9e de femmes fortes, brillantes\u2026et seules. Et moi ? <br \/>J\u2019ai h\u00e9rit\u00e9 du m\u00eame sc\u00e9nario, jusqu\u2019\u00e0 ce que je d\u00e9cide de hacker le syst\u00e8me.<br \/><\/span><span style=%22font-weight: 400;%22>J\u2019ai mis l\u2019amour sur pause trop longtemps. Puis j\u2019ai d\u00e9cid\u00e9 d\u2019en faire un terrain d\u2019exploration et une vocation.<\/span><span style=%22font-weight: 400;%22><br \/><\/span><span style=%22font-weight: 400;%22> \ud83d\udca1 Pourquoi EvoL-LovE ? Tout part d\u2019ici<\/span><\/span><\/p>\n<p>\u00a0\u00bb content_phone=\u00a0\u00bb<\/p>\n<p style=%22text-align: center;%22><b>Tu peux tout r\u00e9ussir\u2026 et quand m\u00eame te planter en amour<br \/><\/b><span style=%22font-size: medium;%22>J\u2019avais le job parfait, la libert\u00e9 de voyager\u2026 et un grand vide \u00e0 c\u00f4t\u00e9. <span style=%22font-weight: 400;%22>Je suis n\u00e9e dans une lign\u00e9e de femmes fortes, brillantes\u2026<br \/>et seules. Et moi ? J\u2019ai h\u00e9rit\u00e9 du m\u00eame sc\u00e9nario, jusqu\u2019\u00e0 ce que je d\u00e9cide de hacker le syst\u00e8me.<br \/><\/span><span style=%22font-weight: 400;%22>J\u2019ai mis l\u2019amour sur pause trop longtemps. Puis j\u2019ai d\u00e9cid\u00e9 d\u2019en faire un terrain d\u2019exploration et une vocation.<\/span><span style=%22font-weight: 400;%22><br \/><\/span><span style=%22font-weight: 400;%22> \ud83d\udca1 Pourquoi EvoL-LovE ? Tout part d\u2019ici<\/span><\/span><\/p>\n<p>\u00a0\u00bb content_last_edited=\u00a0\u00bboff|desktop\u00a0\u00bb admin_label=\u00a0\u00bbtexte a propos mini\u00a0\u00bb _builder_version=\u00a0\u00bb4.27.6&Prime; _module_preset=\u00a0\u00bbdefault\u00a0\u00bb text_font_size=\u00a0\u00bb20px\u00a0\u00bb link_font=\u00a0\u00bb||||on|||#C4963D|\u00a0\u00bb link_text_color=\u00a0\u00bb#C4963D\u00a0\u00bb custom_margin=\u00a0\u00bb6px||10px|||\u00a0\u00bb custom_padding=\u00a0\u00bb||0px|||\u00a0\u00bb text_font_size_tablet=\u00a0\u00bb18px\u00a0\u00bb text_font_size_phone=\u00a0\u00bb17px\u00a0\u00bb text_font_size_last_edited=\u00a0\u00bbon|phone\u00a0\u00bb global_colors_info=\u00a0\u00bb{}\u00a0\u00bb]<\/p>\n<hr \/>\n<p style=\"text-align: center;\"><b>Evol-Love<br \/>Quand l&rsquo;Intensit\u00e9 rencontre l&rsquo;Excellence<br \/><\/b>Pr\u00e9sence, discernement, attraction, s\u00e9lection : tout ce qui change la qualit\u00e9 r\u00e9elle d\u2019une rencontre<\/p>\n<p style=\"text-align: center;\" data-start=\"566\" data-end=\"658\">Ici, on reconna\u00eet ce qui m\u00e9rite d\u2019entrer en relation<\/p>\n<hr \/>\n<p style=\"text-align: center;\" data-start=\"566\" data-end=\"658\">\n<p>[\/et_pb_text][et_pb_accordion toggle_icon=\u00a0\u00bb&#x3b;||divi||400&Prime; _builder_version=\u00a0\u00bb4.27.6&Prime; _module_preset=\u00a0\u00bbdefault\u00a0\u00bb overflow-x=\u00a0\u00bbhidden\u00a0\u00bb overflow-y=\u00a0\u00bbhidden\u00a0\u00bb hover_enabled=\u00a0\u00bb0&Prime; global_colors_info=\u00a0\u00bb{}\u00a0\u00bb sticky_enabled=\u00a0\u00bb0&Prime;][et_pb_accordion_item title=\u00a0\u00bbCoaching priv\u00e9\u00a0\u00bb open=\u00a0\u00bbon\u00a0\u00bb _builder_version=\u00a0\u00bb4.27.6&Prime; _module_preset=\u00a0\u00bbdefault\u00a0\u00bb global_colors_info=\u00a0\u00bb{}\u00a0\u00bb]<\/p>\n<p>Solution taill\u00e9e sur-mesure : un accompagnement priv\u00e9, court, dense, ultra cibl\u00e9.<br \/>Le chemin le plus direct pour une analyse claire, activer les leviers, sortir d\u2019un sch\u00e9ma, cr\u00e9er un vrai point de bascule<br \/>Adapt\u00e9e \u00e0 votre agenda et vos besoins<br \/>Affut\u00e9e pour votre cas et votre personnalit\u00e9<br \/>Ultra-cibl\u00e9e sur votre probl\u00e9matique<br \/><a href='https:\/\/go.evol-love.com\/declicrelationnel-booking' class='small-button smallsilver'>Le D\u00e9clic<\/a><\/p>\n<p>[\/et_pb_accordion_item][et_pb_accordion_item title=\u00a0\u00bbParcours signature\u00a0\u00bb _builder_version=\u00a0\u00bb4.27.6&Prime; _module_preset=\u00a0\u00bbdefault\u00a0\u00bb global_colors_info=\u00a0\u00bb{}\u00a0\u00bb open=\u00a0\u00bboff\u00a0\u00bb]<\/p>\n<p data-start=\"932\" data-end=\"1062\">Des parcours immersifs, pr\u00e9cis, con\u00e7us pour provoquer la rencontre r\u00e9elle, celle qui attire la personne faite pour vous.<br \/>Ils s\u2019adressent aux dirigeants, entrepreneurs et cr\u00e9ateurs de haut niveau pr\u00eats \u00e0 construire une relation \u00e0 leur hauteur.<\/p>\n<h3>\u2728\u00a0<em>Premium \u2013 le Parcours<\/em>\u00a0\u2728<\/h3>\n<p>Le Parcours Premium complet pour amorcer une transformation relationnelle profonde.<br \/>Ce parcours s\u2019adresse aux hommes et aux femmes : il revisite les structures inter et intra-personnelles, met en lumi\u00e8re les points d\u2019impact, restaure la coh\u00e9rence et le magn\u00e9tisme conscient.<br \/><a href='https:\/\/evol-love.com\/parcours-premium\/' class='small-button smallsilver' target=\"_blank\">\u2728\u00a0Premium \u2013 le Parcours\u00a0\u2728<\/a> <\/p>\n<h3>\u2728\u00a0<em>The Impact \u2014 for Men<\/em>\u00a0\u2728<\/h3>\n<p>L\u2019exp\u00e9rience masculine : puissance, lucidit\u00e9, incarnation.<br \/>L\u2019Homme dans toute sa noblesse : une approche directe, consciente, ancr\u00e9e dans la r\u00e9alit\u00e9 de l\u2019Homme moderne.<br \/><a href='https:\/\/evol-love.com\/the-impact-pour-homme\/' class='small-button smallsilver' target=\"_blank\">\u2728\u00a0The Impact \u2014 for Men\u00a0\u2728<\/a> <\/p>\n<h3>\u2728\u00a0<em>The Irresistible \u2014 for Women<\/em>\u00a0\u2728<\/h3>\n<p>L\u2019exp\u00e9rience f\u00e9minine : ancrage, rayonnement, attraction<br \/>La Femme comme une ic\u00f4ne de l\u2019art du subtil : une mont\u00e9e en puissance pour r\u00e9v\u00e8ler son Attractivit\u00e9, et vivre la relation avec intensit\u00e9 et alignement.<br \/><a href='https:\/\/evol-love.com\/the-irresistible-pour-femme\/' class='small-button smallsilver' target=\"_blank\">\u2728 The Irresistible \u2014 for Women \u2728<\/a> <\/p>\n<h3>\u2728\u00a0<em>The Circle<\/em>\u00a0\u2728<\/h3>\n<p><strong>Le Cercle EvoL-LovE<\/strong>\u00a0offre aux Hommes et Femmes la possibilit\u00e9 de se rencontrer en ligne ou en pr\u00e9sentiel autour d\u2019\u00e9v\u00e9nements choisis : un espace d\u2019\u00e9changes et de rencontres, art et intensit\u00e9. Cercle de rencontres priv\u00e9es, r\u00e9serv\u00e9 aux adultes, orient\u00e9 qualit\u00e9 relationnelle et compatibilit\u00e9 de valeurs.<br \/><em>Adults only (+18) \u2013 No escort \/ no sexual services \/ no affairs facilitation \u2013 Services: relationship strategy, matchmaking circles, coaching, immersive playground<br \/><a href=\"https:\/\/www.skool.com\/circle-evol-love-9366\" target=\"_blank\" rel=\"noopener\">sur invitation : Le Cercle<\/a><\/em><\/p>\n<p>[\/et_pb_accordion_item][et_pb_accordion_item title=\u00a0\u00bb\u00c9v\u00e9nements &#038; conf\u00e9rences\u00a0\u00bb _builder_version=\u00a0\u00bb4.27.6&Prime; _module_preset=\u00a0\u00bbdefault\u00a0\u00bb global_colors_info=\u00a0\u00bb{}\u00a0\u00bb open=\u00a0\u00bboff\u00a0\u00bb]<\/p>\n<p>Des formats immersifs, des rencontres choisies, des conf\u00e9rences vivantes, des espaces o\u00f9 la relation devient exp\u00e9rience<br \/><a href=\"https:\/\/evol-love.com\/parcours\/\" class=\"small-button smallsilver\" target=\"_blank\">Services<\/a> <\/p>\n<p>[\/et_pb_accordion_item][\/et_pb_accordion][et_pb_accordion open_toggle_text_color=\u00a0\u00bb#C4963D\u00a0\u00bb _builder_version=\u00a0\u00bb4.27.6&Prime; _module_preset=\u00a0\u00bbdefault\u00a0\u00bb toggle_level=\u00a0\u00bbh4&Prime; toggle_font=\u00a0\u00bb|700|||||||\u00a0\u00bb toggle_text_align=\u00a0\u00bbcenter\u00a0\u00bb text_orientation=\u00a0\u00bbcenter\u00a0\u00bb custom_margin=\u00a0\u00bb-14px|||||\u00a0\u00bb hover_enabled=\u00a0\u00bb0&Prime; global_colors_info=\u00a0\u00bb{}\u00a0\u00bb sticky_enabled=\u00a0\u00bb0&Prime;][et_pb_accordion_item title=\u00a0\u00bbQuand on a tout r\u00e9ussi, et qu&rsquo;on aspire \u00e0 mieux\u00a0\u00bb open=\u00a0\u00bboff\u00a0\u00bb _builder_version=\u00a0\u00bb4.27.6&Prime; _module_preset=\u00a0\u00bbdefault\u00a0\u00bb global_colors_info=\u00a0\u00bb{}\u00a0\u00bb]<\/p>\n<p>Des C\u00e9libataires Brillants 35-55 ans qui ne se rencontrent pas<br \/>\u2192 Connaitres les 5 pi\u00e8ges invisibles<br \/><a href=\"https:\/\/go.evol-love.com\/ebook\" class=\"small-button smallsilver\" target=\"_blank\">5 pi\u00e8ges des Leaders<\/a> <\/p>\n<p>[\/et_pb_accordion_item][et_pb_accordion_item title=\u00a0\u00bb         Pourquoi EvoL-LovE ? Tout part d\u2019ici\u00a0\u00bb _builder_version=\u00a0\u00bb4.27.6&Prime; _module_preset=\u00a0\u00bbdefault\u00a0\u00bb body_link_font=\u00a0\u00bb||||on||||\u00a0\u00bb body_link_text_color=\u00a0\u00bb#E8C16D\u00a0\u00bb text_orientation=\u00a0\u00bbcenter\u00a0\u00bb hover_enabled=\u00a0\u00bb0&Prime; global_colors_info=\u00a0\u00bb{}\u00a0\u00bb open=\u00a0\u00bbon\u00a0\u00bb sticky_enabled=\u00a0\u00bb0&Prime;]<\/p>\n<p style=\"text-align: center;\"><b>Quand on a tout r\u00e9ussi, et qu&rsquo;on aspire \u00e0 mieux<br \/><\/b><\/p>\n<p style=\"text-align: center;\" data-start=\"3766\" data-end=\"3880\">J\u2019avais construit beaucoup : Le travail, la libert\u00e9, le mouvement.<br data-start=\"3833\" data-end=\"3836\" \/>Et pourtant, quelque chose restait hors d&rsquo;atteinte.<\/p>\n<p style=\"text-align: center;\" data-start=\"3882\" data-end=\"4097\">Je suis n\u00e9e dans une lign\u00e9e de femmes fortes, brillantes, exigeantes \u2014 et souvent seules.<br data-start=\"3971\" data-end=\"3974\" \/>J\u2019ai vu les m\u00eames m\u00e9caniques se rejouer, jusqu\u2019au moment o\u00f9 j\u2019ai choisi d&rsquo;investir concr\u00e8tement ce qui se joue dans la rencontre.<br \/>EvoL-LovE est n\u00e9 l\u00e0.<br data-start=\"4119\" data-end=\"4122\" \/>Un espace o\u00f9 l\u2019humain reprend sa place, o\u00f9 la relation cesse d\u2019\u00eatre un d\u00e9cor, o\u00f9 le lien retrouve son niveau.<br \/><span style=\"font-size: large;\"><span style=\"font-weight: 400;\">\u00a0<a href=\"https:\/\/evol-love.com\/background\">Pourquoi EvoL-LovE ? Tout part d\u2019ici<\/a><\/span><\/span><\/p>\n<p><span style=\"font-size: large;\"><span style=\"font-weight: 400;\">Evol-Love c&rsquo;est un Parcours o\u00f9 l&rsquo;Humain reprend sa place,<br \/>o\u00f9 les Relations deviennent des tremplins<br \/>la Relation se vit intens\u00e9ment pour le Meilleur, ensemble<\/span><\/span><\/p>\n<p><img loading=\"lazy\" decoding=\"async\" src=\"https:\/\/evol-love.com\/wp-content\/uploads\/2026\/04\/Cindy-profil-200x300.jpg\" width=\"200\" height=\"300\" alt=\"\" class=\"wp-image-33855 alignnone size-medium\" title=\"\">[\/et_pb_accordion_item][\/et_pb_accordion][et_pb_blog fullwidth=\u00a0\u00bboff\u00a0\u00bb posts_number=\u00a0\u00bb3&Prime; show_author=\u00a0\u00bboff\u00a0\u00bb show_date=\u00a0\u00bboff\u00a0\u00bb show_categories=\u00a0\u00bboff\u00a0\u00bb show_pagination=\u00a0\u00bboff\u00a0\u00bb disabled_on=\u00a0\u00bboff|on|off\u00a0\u00bb _builder_version=\u00a0\u00bb4.27.4&Prime; _module_preset=\u00a0\u00bbdefault\u00a0\u00bb custom_margin=\u00a0\u00bb||5px|||\u00a0\u00bb global_colors_info=\u00a0\u00bb{}\u00a0\u00bb][\/et_pb_blog][et_pb_blog fullwidth=\u00a0\u00bboff\u00a0\u00bb posts_number=\u00a0\u00bb4&Prime; show_author=\u00a0\u00bboff\u00a0\u00bb show_date=\u00a0\u00bboff\u00a0\u00bb show_categories=\u00a0\u00bboff\u00a0\u00bb show_pagination=\u00a0\u00bboff\u00a0\u00bb disabled_on=\u00a0\u00bbon|off|on\u00a0\u00bb _builder_version=\u00a0\u00bb4.27.4&Prime; _module_preset=\u00a0\u00bbdefault\u00a0\u00bb custom_margin=\u00a0\u00bb||5px|||\u00a0\u00bb global_colors_info=\u00a0\u00bb{}\u00a0\u00bb][\/et_pb_blog][et_pb_button button_url=\u00a0\u00bbhttps:\/\/evol-love.com\/articles\/\u00a0\u00bb button_text=\u00a0\u00bbVoir tous les articles\u00a0\u00bb button_alignment=\u00a0\u00bbcenter\u00a0\u00bb admin_label=\u00a0\u00bbButton\u00a0\u00bb _builder_version=\u00a0\u00bb4.27.4&Prime; _module_preset=\u00a0\u00bbdefault\u00a0\u00bb custom_button=\u00a0\u00bbon\u00a0\u00bb button_text_color=\u00a0\u00bb#FFFFFF\u00a0\u00bb button_bg_color=\u00a0\u00bb#C4963D\u00a0\u00bb button_border_radius=\u00a0\u00bb10px\u00a0\u00bb button_use_icon=\u00a0\u00bboff\u00a0\u00bb global_colors_info=\u00a0\u00bb{}\u00a0\u00bb][\/et_pb_button][\/et_pb_column][\/et_pb_row][\/et_pb_section]<\/p>\n","protected":false},"excerpt":{"rendered":"<p>\u00a0 \u00a0 \u00a0 \u00a0 La Relation comme \u00e9vidence\u00a0 Evol-LoveLa Rencontre : ici et maintenantQuand une vie a d\u00e9j\u00e0 du relief, le lien ne peut plus \u00eatre banal Evol-LoveQuand l&rsquo;Intensit\u00e9 rencontre l&rsquo;ExcellencePr\u00e9sence, discernement, attraction, s\u00e9lection : tout ce qui change la qualit\u00e9 r\u00e9elle d\u2019une rencontre Ici, on reconna\u00eet ce qui m\u00e9rite d\u2019entrer en relation Solution taill\u00e9e [&hellip;]<\/p>\n","protected":false},"author":1,"featured_media":0,"parent":0,"menu_order":0,"comment_status":"closed","ping_status":"closed","template":"","meta":{"_et_pb_use_builder":"on","_et_pb_old_content":"","_et_gb_content_width":"","footnotes":""},"class_list":["post-31867","page","type-page","status-publish","hentry"],"_links":{"self":[{"href":"https:\/\/evol-love.com\/en\/wp-json\/wp\/v2\/pages\/31867","targetHints":{"allow":["GET"]}}],"collection":[{"href":"https:\/\/evol-love.com\/en\/wp-json\/wp\/v2\/pages"}],"about":[{"href":"https:\/\/evol-love.com\/en\/wp-json\/wp\/v2\/types\/page"}],"author":[{"embeddable":true,"href":"https:\/\/evol-love.com\/en\/wp-json\/wp\/v2\/users\/1"}],"replies":[{"embeddable":true,"href":"https:\/\/evol-love.com\/en\/wp-json\/wp\/v2\/comments?post=31867"}],"version-history":[{"count":40,"href":"https:\/\/evol-love.com\/en\/wp-json\/wp\/v2\/pages\/31867\/revisions"}],"predecessor-version":[{"id":33856,"href":"https:\/\/evol-love.com\/en\/wp-json\/wp\/v2\/pages\/31867\/revisions\/33856"}],"wp:attachment":[{"href":"https:\/\/evol-love.com\/en\/wp-json\/wp\/v2\/media?parent=31867"}],"curies":[{"name":"wp","href":"https:\/\/api.w.org\/{rel}","templated":true}]}}